{"id":589,"date":"2024-06-19T09:23:48","date_gmt":"2024-06-19T09:23:48","guid":{"rendered":"https:\/\/denmark-casinos.com\/?page_id=589"},"modified":"2024-07-31T15:07:43","modified_gmt":"2024-07-31T15:07:43","slug":"terms-of-use","status":"publish","type":"page","link":"https:\/\/denmark-casinos.com\/?page_id=589","title":{"rendered":"Terms of use"},"content":{"rendered":"<p>Vi er stolte af at byde dig velkommen til vores hjemmeside hos topdanskecasinos.com, og h\u00e5ber at du finder alle de bettingtips og spilforslag du leder efter. Vi bliver dog n\u00f8dt til at etablere en aftale med dig for alles bedste, s\u00e5 du kan bruge vores hjemmeside uden problemer.<\/p>\n<p>Hvis du forts\u00e6tter med at benytte topdanskecasinos.com, antager vi at du accepterer og er tilfreds med disse vilk\u00e5r og betingelser. Vi antager ogs\u00e5 at du er enig med Privatlivspolitikken, som beskriver hvordan anonyme og personlige data opbevares og behandles. Du skal udtrykkeligt erkl\u00e6re dig enig i vilk\u00e5rene og politikkerne hvis du beslutter dig for at bruge sammenligningsservicen. Du bedes venligst ikke bruge hjemmesiden hvis du ikke accepterer nogen af vilk\u00e5rene, betingelserne og politikkerne inkluderet deri.<\/p>\n<p>I disse vilk\u00e5r ben\u00e6vnes topdanskecasinos, som ejer og opererer siden, som \u201cvi\u201d, \u201cos\u201d og \u201cvores\u201d. Enhver bes\u00f8gende eller bruger p\u00e5 hjemmesiden ben\u00e6vnes som \u201cdu\u201d eller \u201cdin\u201d.<\/p>\n<h3>Brug af vores hjemmeside<\/h3>\n<p>Du og alle brugere forventes at bidrage til at g\u00f8re alles oplevelse af siden sikker, behagelig og fri for besv\u00e6r. Alle brugere opfordres til at rapportere enhver misbrug af siden eller overtr\u00e6delser af denne aftale.<\/p>\n<p>Adskillige dele af hjemmesiden kan underg\u00e5 \u00e6ndringer uden varsel. Dette inkluderer temaer, billeder, layout, farver og design osv. Disse kan ogs\u00e5 blive forvr\u00e6nget afh\u00e6ngig af enheden, der bruges til at f\u00e5 adgang til hjemmesiden. Problemer med placering, proportioner og position kan ogs\u00e5 opst\u00e5 som f\u00f8lge af brug af forskellige enheder, der bruges til at bes\u00f8ge hjemmesiden. Personlige justeringer og indstillinger p\u00e5 selve enhederne kan ogs\u00e5 skabe s\u00e5danne problemer.<\/p>\n<p>Hjemmesiden kan indeholde reklamer og links til andre sider. Disse er indsat udelukkende for information og bekvemmelighed. Links og reklamer er ikke beregnet til, og skal ikke ses som, en godkendelse af ethvert produkt eller indhold. At reagere p\u00e5 en reklame repr\u00e6senterer ikke et uopretteligt tilbud om salg eller kontrakt. Vi kan ikke p\u00e5 nogen m\u00e5de holdes ansvarlige for en hjemmesides indhold eller produkter, der linkes til her p\u00e5 siden.<\/p>\n<p>Vi vil altid g\u00f8re rimelige fors\u00f8g p\u00e5 at sikre at adgangen til vores hjemmeside og dens services er kontinuerlig og sikker. Dette er dog ikke altid muligt, da udstyr og teknologi til tider ikke fungerer effektivt, og nogle gange helt bryder sammen. Fra tid til anden, kan tilg\u00e6ngeligheden og driften af vores hjemmeside og services blive afbrudt af faktorer udenfor vores kontrol. Vi er ikke i stand til at udstede garantier for at dette ikke kommer til at ske. Derudover er vi ikke ansvarlige, kontraktuelt eller for uagtsomhed, i henhold til enhver manglende evne til at f\u00e5 adgang til vores hjemmeside eller for nogen skade p\u00e5, forvr\u00e6ngning af, eller tab af data der er opbevaret p\u00e5 vores servere af dig.<\/p>\n<p>Du har ikke tilladelse til at f\u00e5 adgang til hjemmesiden gennem en anden metode end en browser. Eksempler p\u00e5 uautoriseret adgang til vores hjemmeside inkluderer, men er ikke begr\u00e6nset til:<\/p>\n<ul>\n<li>brug af \u201chacking\u201d-v\u00e6rkt\u00f8jer eller teknikker.<\/li>\n<li>hosting, opbevaring, afsendelse, transmission, brug, link til eller distribution af ethvert materiale, som inkluderer en trojansk hest, computervirus, spyware, logning af tastetryk, orme, rootkit eller enhver anden ondsindet computersoftware. At give sig ud i disse handlinger eller at bruge hjemmesiden til enhver anden ulovlig aktivitet vil f\u00f8re til at du rapporteres til de relevante retsh\u00e5ndh\u00e6vende myndigheder.<\/li>\n<li>At udf\u00f8re enhver anden handling, der skader eller h\u00e6mmer tilg\u00e6ngeligheden eller adgangen til vores hjemmeside. Brug af vores hjemmeside til enhver ulovlig, svigagtig eller lovstridig aktivitet eller i forbindelse med enhver ulovlig, svigagtig, lovstridig eller skadelig aktivitet eller form\u00e5l vil resultere i juridisk handling fra vores side.<\/li>\n<li>Udf\u00f8relse af enhver form for automatiseret eller systematisk dataindsamlingsaktiviteter p\u00e5 eller i relation til hjemmesiden. Disse kan inkludere, men er ikke begr\u00e6nset til data mining, scraping, dataindsamling og dataudtr\u00e6k.<\/li>\n<li>At modificere, transmittere, duplikere, kopiere, udgive eller p\u00e5 anden m\u00e5de reproducere ethvert materiale der findes p\u00e5 denne hjemmeside, eller som er gjort tilg\u00e6ngeligt heri.<\/li>\n<li>At deltage i underlicens, overf\u00f8rsel, licens, salg eller leje af noget indhold p\u00e5 vores hjemmeside. Du har ogs\u00e5 forbud mod at skabe afledt materiale eller udnytte noget af indholdet p\u00e5 hjemmesiden p\u00e5 nogen m\u00e5de, hverken som helhed eller som en underdel.<\/li>\n<li>At bruge ethvert materiale inkluderet p\u00e5 hjemmesiden til kommercielle form\u00e5l.<\/li>\n<li>At redigere eller p\u00e5 anden m\u00e5de modificere noget materiale p\u00e5 vores hjemmeside.<\/li>\n<li>At forstyrre eller p\u00e5 anden m\u00e5de afbryde vores hjemmeside, eller nogen servere eller netv\u00e6rk forbundet med den. Du m\u00e5 ikke v\u00e6re ulydig overfor nogen procedurer, krav, regulativer eller politikker for netv\u00e6rk, der er forbundet med vores hjemmeside.<\/li>\n<\/ul>\n<p>Vi bruger cookies n\u00e5r du befinder dig p\u00e5 vores hjemmeside. Dette er i overensstemmelse med vores Privatlivspolitik og med EU\u2019s Direktiv om Cookies.<\/p>\n<p>Skulle du \u00f8nske at kontakte en forhandler gennem vores direkte kontaktservice, vil al personlig information blive behandlet i henhold til vores Privatlivspolitik og med Databeskyttelsesloven fra 1998.<\/p>\n<h3>Registrerede Brugere<\/h3>\n<p>F\u00f8r du kan f\u00e5 adgang til vores sammenligningstjeneste, skal du f\u00f8rst blive registreret bruger. Din oprettelse vil ikke v\u00e6re underlagt en minimumsperiode, og din oprettelse kan blive annulleret p\u00e5 ethvert tidspunkt af begge parter.<\/p>\n<p>Du skal v\u00e6re mindst 18 \u00e5r gammel og gennemf\u00f8re oprettelsesans\u00f8gningen for at f\u00e5 status som registreret bruger. Vi er ikke forpligtet til at acceptere en ans\u00f8gning og forbeholder os retten til at afsl\u00e5 enhver ans\u00f8gning uden at give en forklaring eller \u00e5rsag.<\/p>\n<p>Sammenligningstjenesten er designet til at forsyne dig med information om og give dig simpel adgang til gambling-hjemmesider, s\u00e5vel som ethvert specielt kampagnetilbud de k\u00f8rer. Disse udbydere omtales herefter som \u201coperat\u00f8rer\u201d.<\/p>\n<p>Vi tilbyder sammenligningstjenesten helt gratis. Du er ansvarlig for enhver opkr\u00e6vning fra din netv\u00e6rksservice eller internetudbyder, som kr\u00e6ves for at f\u00e5 adgang til indhold p\u00e5 nettet.<\/p>\n<p>Resultaterne genereret af sammenligningstjenesten rangeres p\u00e5 en m\u00e5de, som afg\u00f8res af algoritmer. Disse algoritmer er designet til at sikre at dine personlige pr\u00e6ferencer og krav anerkendes. Selvom vi modtager servicegebyr og opkr\u00e6vninger fra operat\u00f8rer, der optr\u00e6der p\u00e5 hjemmesiden, betaler hver operat\u00f8r de samme faste og standardiserede rater. Dette giver os mulighed for at bevare klarhed, gennemsigtighed og retf\u00e6rdighed og betyder at resultaterne, der leveres til dig, ikke afspejler nogen \u00f8konomiske incitamenter fra vores side.<\/p>\n<p>Alt indhold og information om priser, produktspecifikationer, tilbud, tilg\u00e6ngelighed og kvalitet af produkter inkluderet p\u00e5 hjemmesiden er udelukkende til vejledning. Indhold og information kan v\u00e6re underlagt \u00e6ndringer uden varsel og kan indeholde fejl og mangler. Selvom vi fors\u00f8ger vores bedste for at sikre at alt indhold p\u00e5 hjemmesiden er pr\u00e6cist og opdateret, kan vi ikke holdes ansvarlige eller forpligtet for \u00e6ndringer eller fejl p\u00e5 hjemmesiden.<\/p>\n<p>Da kataloget af funktioner, produkter, services, bonusser og tilbud aldrig stopper med at udvikle sig og v\u00e6re underlagt opdateringer, forbeholder vi os retten til at fjerne services, produkter og funktioner p\u00e5 ethvert tidspunkt. Du er fuldt ansvarlig for enhver beslutning omhandlende accepten af nogen tilbud eller kampagner fra vores operat\u00f8rer. Vi opfordrer p\u00e5 det kraftigste, at du unders\u00f8ger, tjekker og p\u00e5 anden m\u00e5de indsamler opklarende bekr\u00e6ftelse, n\u00e5r du f\u00f8ler det er n\u00f8dvendigt efter eget sk\u00f8n.<\/p>\n<p>Vi har ingen involvering i din eller nogen operat\u00f8rs beslutning om at behandle nogen transaktion eller indg\u00e5 i en kontrakt. Derudover har vi ingen andel i behandling af penge og transaktioner, og vil ikke blive holdt ansvarlig for enhver skade, tab eller p\u00e5krav der opst\u00e5r fra enhver kontrakt eller transaktioner mellem dig og enhver operat\u00f8r.<\/p>\n<p>Vi behandler og forventer at enhver information, som du forsyner os med n\u00e5r du opretter din konto, er sandf\u00e6rdig og n\u00f8jagtig. Du skal ogs\u00e5 rettidigt opdatere enhver information du har givet os, hvis den skulle blive un\u00f8jagtig eller usand. Skulle vi have nogen grund til mistanke om nogen information du har givet os, kan vi bede om bekr\u00e6ftelse eller bevis. Alternativt kan vi annullere din oprettelse.<\/p>\n<p>Du har ikke tilladelse til at oprette eller have mere end \u00e9n registreret brugerkonto til enhver tid. Du er ansvarlig for at holde dit brugernavn og adgangskode privat, hemmeligt og fortroligt n\u00e5r du har oprettet dem, og du m\u00e5 ikke dele disse detaljer med nogen person, organisation eller virksomhed.<\/p>\n<p>Du erkl\u00e6rer dig enig i straks at meddele os hvis du skulle have viden eller mistanke om at en uautoriseret bruger har adgang til din medlemskonto. Du forbliver ansvarlig for enhver uautoriseret brug eller adgang til din konto.<\/p>\n<h3>Intellektuel ejendomsret<\/h3>\n<p>Hjemmesidens design, tekst, grafik, kode, software, layout og udseende ejes af eller er licenseret til os. Ethvert varem\u00e6rke p\u00e5 denne hjemmeside, som vi ikke ejer, er fuldt observeret og respekteret. Alle billeder og tekst er underlagt ophavsret. Ethvert billede og enhver tekst, som vi ikke har ophavsret til, er inkluderet som f\u00f8lge af tilladelse fra de relevante indehavere af ophavsretten.<\/p>\n<p>Download anses ikke som et brud p\u00e5 eller overskridelse af ophavsretten n\u00e5r det g\u00e6lder visning, print eller opbevaringsform\u00e5l til personligt brug.<\/p>\n<p>Du har ikke tilladelse til at distribuere, reproducere, duplikere, udsende, modificere, kopiere, overs\u00e6tte, udstille, transmittere eller p\u00e5 anden m\u00e5de bruge indhold p\u00e5 hjemmesiden til ethvert kommercielt form\u00e5l, medmindre du har f\u00e5et udtrykkeligt samtykke fra indehaveren af ophavsretten.<\/p>\n<p>Vi tolererer eller godkender ikke enhver overtr\u00e6delse af ophavsretten eller plagiat. S\u00e5danne aktiviteter er b\u00e5de ulovlige og uetiske. Vi vil gennemf\u00f8re den handling som er mulig og opfattet som n\u00f8dvendig for at forhindre og genoprette enhver overtr\u00e6delse.<\/p>\n<h3>Indhold leveret af brugere<\/h3>\n<p>N\u00e5r du indsender indhold til vores side, enten via anmeldelser, feedback eller ved at deltage i fora eller kommunikere p\u00e5 vores side, giver du udtrykkeligt os og vores efterf\u00f8lgere en evig, royaltyfri, overf\u00f8rbar og underlicenserbar, uigenkaldelig, ikke-eksklusiv ret (hvilket inkluderer enhver moral ret) og licens, herunder retten til underlicens og samtykke til at bruge, modificere, reproducere, tilpasse, overs\u00e6tte, publicere, skabe afledt indhold, kommunikation til offentligheden, distribuere, vise og gennemf\u00f8re ethvert indl\u00e6g enten som helhed eller i dele, med eller uden brug af dit navn, i hele verden.<\/p>\n<p>Du giver os ogs\u00e5 tilladelse til at inkludere indl\u00e6g i ethvert andet v\u00e6rk i enhver teknologi kendt nu eller udviklet senere, medier eller form i den fulde periode for ethvert varem\u00e6rke, ophavsret og yderligere intellektuelle og ejendomsretter (sammen kendt som \u201cRettigheder\u201d) der kan v\u00e6re i s\u00e5danne indl\u00e6g for ethvert form\u00e5l, herunder annoncer, reklamer eller ethvert andet form\u00e5l.<\/p>\n<p>Du bekr\u00e6fter ogs\u00e5 at:<\/p>\n<ul>\n<li>Du har ejerskab eller kontrol over alle rettigheder i dine Indl\u00e6g. Dette inkluderer, uden undtagelse, alle rettigheder der kr\u00e6ves for at du udgiver, uploader, forsyner, giver inputs eller indsender Indl\u00e6g.<\/li>\n<li>Du er den eksklusive indehaver af alle rettigheder for indsendelse og at enhver tredjepartsindehaver af enhver rettighed, s\u00e5som moralske rettigheder for indl\u00e6g, fuldt ud og effektivt har frafaldet alle s\u00e5danne rettigheder, hvilket uigenkaldeligt og gyldigt giver dig retten til at give licensen som er udtrykt ovenfor.<\/li>\n<li>Enhver person afbildet eller n\u00e6vnt i ethvert foto, billede og\/eller video inkluderet i dit indl\u00e6g (hvis nogen) har givet deres samtykke til at s\u00e5danne fotoer, billeder og\/eller videoer bliver brugt, i overensstemmelse med licensen ovenfor.<\/li>\n<\/ul>\n<p>Du anerkender ogs\u00e5 at vi, vores efterf\u00f8lgere og overdragere, er berettiget til ubegr\u00e6nset brug af dine indl\u00e6g til ethvert form\u00e5l overhovedet, herunder kommercielle form\u00e5l, uden kompensation til forsyneren af indl\u00e6g eller enhver tredjepart der har Rettigheder deri. Derudover har enhver bruger rettigheder til at tilg\u00e5, se, reproducere eller opbevare ethvert indl\u00e6g du har placeret i et F\u00e6llesskabsomr\u00e5de til deres eget private brug.<\/p>\n<p>Underlagt det foreg\u00e5ende, bevarer ejere af Indl\u00e6g placeret p\u00e5 hjemmesiden enhver og alle Rettigheder der m\u00e5 eksistere i et s\u00e5dant indl\u00e6g. Bortset fra det der foreskrives i vores Privatlivspolitik, vil ingen indl\u00e6g v\u00e6re underlagt nogen tillidspligt for os. Ydermere h\u00e6fter vi ikke for enhver afsl\u00f8ring eller brug af ethvert Indl\u00e6g du har lavet.<\/p>\n<p>Ved at lave et indl\u00e6g, erkl\u00e6rer du dig enig i at du ikke vil bruge vores hjemmeside til at:<\/p>\n<ul>\n<li>Indsende, uploade, e-maile eller p\u00e5 anden m\u00e5de udsende nogen truende, skadende, chikanerende, grove, skadevoldende, \u00e6rekr\u00e6nkende, sjofle, vulg\u00e6re, injurierende, hadefulde eller racistiske, etniske eller p\u00e5 anden m\u00e5de forkastelige (efter vores eget sk\u00f8n) indl\u00e6g eller ethvert indl\u00e6g der overtr\u00e6der en anden parts privatliv.<\/li>\n<li>Udgive dig for at v\u00e6re en anden person. Dette inkluderer, men er ikke begr\u00e6nset til, enhver bruger af hjemmesiden, en leder, ansat, medarbejder, agent, repr\u00e6sentant eller aktion\u00e6r, topdanskecasinos.com eller vores tilknyttede selskaber, partnere eller enhver anden person eller juridisk enhed. Du m\u00e5 ikke fejlagtigt angive eller p\u00e5 anden m\u00e5de fordreje din forbindelse med topdanskecasinos.com, eller partnere, tilknyttede selskaber eller enhver anden person eller juridisk enhed.<\/li>\n<li>Skabe overskrifter eller p\u00e5 anden m\u00e5de manipulative identifikatorer, som kan utydeligg\u00f8re oprindelsen af ethvert indl\u00e6g eller andet materiale, der er transmitteret via vores hjemmeside.<\/li>\n<li>Uploade, e-maile, indlevere eller p\u00e5 anden m\u00e5de transmittere et indl\u00e6g eller andet materiale, som du ikke har ejerskab over eller rettighed til at uploade, e-maile, indlevere eller p\u00e5 anden m\u00e5de transmittere under nogen lov eller enhver kontraktuelle eller tillidsforhold. Dette kan inkludere insideroplysninger og fortrolige eller propriet\u00e6re informationer, som er blevet afsl\u00f8ret eller indsamlet via arbejdsforhold og aftaler om tavshedspligt.<\/li>\n<li>Uploade, lave opslag, e-maile eller p\u00e5 anden m\u00e5de transmittere ethvert indl\u00e6g eller andet indhold og materiale, som kan kr\u00e6nke ethvert varem\u00e6rke, patenter, ophavsret, handelshemmeligheder, privatlivsrettigheder eller publicity eller ejendomsretten for enhver part.<\/li>\n<li>Uploade, lave opslag, e-mail eller p\u00e5 anden m\u00e5de transmittere nogen form for uautoriseret eller uopfordret reklame, \u201cspam\u201d, \u201cjunk mail\u201d, \u201cpyramidespil\u201d, \u201ck\u00e6debreve\u201d, salgsfremmende materiale eller enhver anden type kommerciel akt\u00f8r, bortset fra p\u00e5 omr\u00e5der der er udpeget specifikt til s\u00e5danne form\u00e5l.<\/li>\n<li>Uploade, lave opslag, e-mail eller p\u00e5 anden m\u00e5de transmittere noget indl\u00e6g, indhold eller materiale der inkluderer software eller links til computerkoder og virusser, programmer og filer designet til at \u00f8del\u00e6gge, forstyrre eller kompromittere funktionaliteten af enhver computersoftware, hardware eller telekommunikationsudstyr.<\/li>\n<li>Afbryde det s\u00e6dvanlige og normale flow af dialog, at benytte metoder der resulterer i sk\u00e6rme der \u201cruller\u201d hurtigere end andre brugere (og andre dele af Hjemmesiden) er i stand til at skrive. Du m\u00e5 ikke p\u00e5 anden m\u00e5de handle p\u00e5 en m\u00e5de der har negativ indflydelse eller p\u00e5 anden m\u00e5de formindsker gl\u00e6den og kvaliteten af andre brugeres oplevelse p\u00e5 hjemmesiden.<\/li>\n<li>Afbryde eller forstyrre vores hjemmeside eller servere og netv\u00e6rk, der er forbundet med den. Du har ikke tilladelse til ikke at adlyde nogen procedurer, politikker, krav og regulativer for noget netv\u00e6rk, der er forbundet med denne hjemmeside.<\/li>\n<li>Bevidst eller ubevidst at overtr\u00e6de nogen g\u00e6ldende regler og\/eller love.<\/li>\n<li>\u201cStalke\u201d eller p\u00e5 anden m\u00e5de chikanere andre brugere p\u00e5 denne hjemmeside og\/eller nogen ansatte hos topdanskecasinos.com.<\/li>\n<li>Indsamle, udl\u00e6gge eller bede om nogen form for personlige data, eller fors\u00f8ge at indsamle, udl\u00e6gge eller bede om nogen personlige data relateret to enhver bruger p\u00e5 denne hjemmesiden (inkluderet, men ikke begr\u00e6nset til brugernavn og adgangskoder) eller relateret til nogen tredjepart.<\/li>\n<li>At f\u00e5 adgang til eller fors\u00f8ge at f\u00e5 adgang til en konto, der ejes af enhver anden bruger uden deres tilladelse.<\/li>\n<\/ul>\n<p>Ethvert indl\u00e6g der, efter vores eget sk\u00f8n og mening, ikke overholder betingelserne heri vil blive fjernet med varsel eller en \u00e5rsag.<\/p>\n<h3>De juridiske dele<\/h3>\n<p>Du bekr\u00e6fter og garanterer at du er mindst 18 \u00e5r gammel, og juridisk er i stand til at indg\u00e5 i en bindende aftale. Du garanterer ogs\u00e5 at du har fuld autoritet og kapacitet til at erkl\u00e6re dig enig i disse vilk\u00e5r.<\/p>\n<p>Denne aftale udg\u00f8r ikke etablering af ethvert joint venture, partnerskab, m\u00e6gler, tillidsmand, mellemmand, franchise, medarbejder, leverand\u00f8r, bureau eller nogen anden form for handelsrelation mellem dig og os.<\/p>\n<p>Intet indeholdt i disse Vilk\u00e5r for Brug eller noget andet sted p\u00e5 hjemmesiden vil:<\/p>\n<ul>\n<li>Antyde, skabe, forme eller starte en kontrakt eller en forpligtelse til en kontrakt mellem dig og nogen operat\u00f8r. Resultaterne, som vores sammenligningstjeneste genererer, udg\u00f8r en \u201cinvitation til handling\u201d fra en operat\u00f8r i stedet for et kontraktuelt tilbud. Skulle du, efter vores sk\u00f8n, give accept til ethvert f\u00f8lgende tilbud om kontrakt, vil kontrakten v\u00e6re mellem operat\u00f8ren og dig, under de regler og vilk\u00e5r der er udlagt af operat\u00f8ren.<\/li>\n<li>Ekskludere eller kompromittere vores ansvar for bedrageri, eller for personlig skade eller d\u00f8d for\u00e5rsaget af vores uagtsomhed, eller ethvert andet ansvar der ikke kan begr\u00e6nses eller ekskluderes efter g\u00e6ldende lov.<\/li>\n<li>Vores ansvar til dig i forbindelse med brugen af denne hjemmeside eller under eller i forbindelse med disse Vilk\u00e5r for Brug, uanset om det er i kr\u00e6nkelse (inklusive uagtsomhed), kontrakt eller p\u00e5 anden m\u00e5de er begr\u00e6nset det omfang at hjemmesiden og dens sammenligningstjenester tilbydes uden omkostninger og helt gratis til dig. Du anerkender at vi ikke kan g\u00f8re dig skade eller tab, og at vi ikke vil v\u00e6re ansvarlige for enhver skade eller tab af nogen slags, inklusive men ikke begr\u00e6nset til s\u00e6rlige, indirekte eller resulterende tab og skade, tab af oms\u00e6tning, indkomst, profit, forventede opsparingsmuligheder, goodwill, forretning, kontrakter, information, data eller omd\u00f8mme; eller tab eller skade som f\u00f8lge af enhver begivenhed eller begivenheder der er udenfor vores rimelige kontrol.<\/li>\n<\/ul>\n<p>Ved at bruge siden, erkl\u00e6rer du dig enig i, anerkender og forst\u00e5r at, i videst muligt omfang tilladt af loven, vil topdanskecasinos.com, ethvert datterselskab eller moderselskab, vores partnere, r\u00e5dgivere, ansatte, tilknyttede selskaber, repr\u00e6sentanter og konsulenter ikke v\u00e6re ansvarlige, og du erstatter til fulde fra krav om skader der er direkte eller indirekte, inklusive men ikke begr\u00e6nset til s\u00e6rlige, eksemplariske, tilf\u00e6ldige, straffende eller f\u00f8lgende omkostninger, skader, udgifter, tab af indkomst, profit eller oms\u00e6tning af nogen form, forventede opsparingsmuligheder, goodwill, kontrakter, data eller skade til udstyr uanset om s\u00e5danne krav er under egenkapital, vedt\u00e6gt eller kr\u00e6nkelse (inklusive, men ikke begr\u00e6nset til uagtsomhed) som f\u00f8lge af at bruge denne hjemmeside eller nogen information indeholdt p\u00e5 denne hjemmeside.<\/p>\n<p>Skulle du v\u00e6re utilfreds med noget aspekt af vores hjemmeside eller noget af dens indhold, er dit eneste og eksklusive middel at opsige din bruger p\u00e5 hjemmesiden og din mulighed for at annullere din oprettelse til hjemmesiden p\u00e5 noget tidspunkt, uden at m\u00f8de nogen straf.<\/p>\n<p>Du er enig i at du er villig til at sikre, holde os harml\u00f8se og forsvare os, vores direkt\u00f8rer, ledere, agenter, aktion\u00e6rer, ansatte og repr\u00e6sentanter fra enhver og alle tredjepartskrav, ansvar, omkostninger og\/eller skade inklusive, men ikke begr\u00e6nset til, rimelige juridiske omkostninger og gebyrer der opst\u00e5r som f\u00f8lge af din upassende brug af vores hjemmeside eller tilbud, dit brud p\u00e5 aftalen eller din overtr\u00e6delse, eller overtr\u00e6delse ved nogen anden brugers brug af din konto som en registreret bruger eller enhver intellektuel ejendom eller andre rettigheder for enhver person eller akt\u00f8r.<\/p>\n<p>Skulle du bruge denne hjemmeside p\u00e5 en uautoriseret m\u00e5de, forbeholder vi os retten til at g\u00f8re krav for skade. Disse handlinger kan ogs\u00e5 indeb\u00e6re en forbrydelse. Skulle det v\u00e6re n\u00f8dvendigt, vil vi samarbejde fuldt ud med enhver efterforskning, anmodning eller instruktion lavet eller givet af enhver regulerende myndighed og bruge enhver tilg\u00e6ngelig teknisk eller juridisk metode til at bevare og beskytte hjemmesiden, indholdet p\u00e5 hjemmesiden og vores bes\u00f8gende.<\/p>\n<p>Skulle bestemmelsen af nogen af disse vilk\u00e5r blive set som ugyldige eller umulige at h\u00e5ndh\u00e6ve af enhver domstol med kompetent jurisdiktion, vil de resterende bestemmelser forblive g\u00e6ldende i fuld kraft og effekt. Vilk\u00e5ret, der er blevet anset som umuligt at h\u00e5ndtere eller ugyldigt, vil blive erstattet med et vilk\u00e5r med en lignende effekt eller betydning.<\/p>\n<p>Ingen forsinkelse eller overb\u00e6renhed i at h\u00e5ndh\u00e6ve Vilk\u00e5rene eller enhver anden juridisk rettighed vil begr\u00e6nse, forstyrre eller p\u00e5 anden m\u00e5de p\u00e5virke retten til at h\u00e5ndh\u00e6ve Vilk\u00e5rene p\u00e5 et senere tidspunkt eller for et senere brud p\u00e5 noget vilk\u00e5r.<\/p>\n<p>Enhver person eller virksomhed der ikke er part i denne aftale har ingen rettigheder, ansvar eller fordele under Kontraktloven (Tredjepartsrettigheder) fra 1999.<\/p>\n<p>Aftalen er udarbejdet og er styret i henhold til dansk lovgivning og det danske sprog. De danske domstole bevarer eksklusiv jurisdiktion til at d\u00f8mme og foreskrive afg\u00f8relse om enhver strid der opst\u00e5r fra, eller er relateret til, disse Vilk\u00e5r og Betingelser. Ved at bruge hjemmesiden, underl\u00e6gger du dig den jurisdiktion. Skulle du f\u00e5 adgang til hjemmesiden udenfor Danmark, er du alene ansvarlig for at sikre at indholdet og services p\u00e5 hjemmesiden overholder alle relevante love der g\u00e6lder i dit land, mens du sikrer os mod ethvert krav.<\/p>\n","protected":false},"excerpt":{"rendered":"<p>Vi er stolte af at byde dig velkommen til vores hjemmeside hos topdanskecasinos.com, og h\u00e5ber at du finder alle de bettingtips og spilforslag du leder efter. Vi bliver dog n\u00f8dt til at etablere en aftale med dig for alles bedste, s\u00e5 du kan bruge vores hjemmeside uden problemer. Hvis du forts\u00e6tter med at benytte topdanskecasinos.com,<\/p>\n","protected":false},"author":2,"featured_media":0,"parent":0,"menu_order":0,"comment_status":"closed","ping_status":"closed","template":"","meta":{"footnotes":""},"class_list":["post-589","page","type-page","status-publish","hentry"],"acf":[],"_links":{"self":[{"href":"https:\/\/denmark-casinos.com\/index.php?rest_route=\/wp\/v2\/pages\/589","targetHints":{"allow":["GET"]}}],"collection":[{"href":"https:\/\/denmark-casinos.com\/index.php?rest_route=\/wp\/v2\/pages"}],"about":[{"href":"https:\/\/denmark-casinos.com\/index.php?rest_route=\/wp\/v2\/types\/page"}],"author":[{"embeddable":true,"href":"https:\/\/denmark-casinos.com\/index.php?rest_route=\/wp\/v2\/users\/2"}],"replies":[{"embeddable":true,"href":"https:\/\/denmark-casinos.com\/index.php?rest_route=%2Fwp%2Fv2%2Fcomments&post=589"}],"version-history":[{"count":2,"href":"https:\/\/denmark-casinos.com\/index.php?rest_route=\/wp\/v2\/pages\/589\/revisions"}],"predecessor-version":[{"id":655,"href":"https:\/\/denmark-casinos.com\/index.php?rest_route=\/wp\/v2\/pages\/589\/revisions\/655"}],"wp:attachment":[{"href":"https:\/\/denmark-casinos.com\/index.php?rest_route=%2Fwp%2Fv2%2Fmedia&parent=589"}],"curies":[{"name":"wp","href":"https:\/\/api.w.org\/{rel}","templated":true}]}}