{"id":587,"date":"2024-06-19T09:23:22","date_gmt":"2024-06-19T09:23:22","guid":{"rendered":"https:\/\/denmark-casinos.com\/?page_id=587"},"modified":"2024-07-31T14:03:34","modified_gmt":"2024-07-31T14:03:34","slug":"privacy-policy","status":"publish","type":"page","link":"https:\/\/denmark-casinos.com\/?page_id=587","title":{"rendered":"Privacy policy"},"content":{"rendered":"<h3>Fortrolighedserkl\u00e6ring<\/h3>\n<p>L\u00e6s venligst alle sektioner i denne Politik.<\/p>\n<p>Introduktion<\/p>\n<p>Hvorfor vi skal behandle dine data<\/p>\n<p>Hvad dine rettigheder er<\/p>\n<p>Juridisk grundlag<\/p>\n<p>Hvordan beskytter vi dine data?<\/p>\n<p>Hvordan vi bruger cookies<\/p>\n<p>Deling af dine data<\/p>\n<p>Lovlighed ved dataoverf\u00f8rsel<\/p>\n<p>\u00c6ndringer til denne Privatlivspolitik<\/p>\n<h3>Introduktion<\/h3>\n<p>Personlige data er enhver information om bes\u00f8gende p\u00e5 hjemmesiden (\u201cdig\u201d) der kan identificere, eller muligvis identificere dig som en fysisk person.<\/p>\n<p>Vi bestemmer form\u00e5let og metoderne for at behandle personlige data p\u00e5 denne hjemmeside. Derfor anses vi som datakontroll\u00f8ren.<\/p>\n<h3>Hvorfor vi skal behandle dine data<\/h3>\n<p>Vi behandler (eller kan behandle) forskellige kategorier af dine data. Her er en liste over data, som vi kan behandle s\u00e5vel som form\u00e5let med behandling.<\/p>\n<ul>\n<li>Data: enhedstypen du bes\u00f8ger vores hjemmeside fra, den unikke enhedsidentifikator.<\/li>\n<\/ul>\n<p>Form\u00e5l: trafikstatistik og indholdsoptimering.<\/p>\n<ul>\n<li>Data: den browsertype og version du bruger.<\/li>\n<\/ul>\n<p>Form\u00e5l: optimering af hjemmesiden og tilstr\u00e6kkelig forh\u00e5ndsvisning.<\/p>\n<ul>\n<li>Data: det operativsystem du bruger.<\/li>\n<\/ul>\n<p>Form\u00e5l: optimering af hjemmesiden og tilstr\u00e6kkelig forh\u00e5ndsvisning.<\/p>\n<ul>\n<li>Data: din IP-adresse og omtrentlig lokation, hvorfra du bes\u00f8ger hjemmesiden.<\/li>\n<\/ul>\n<p>Form\u00e5l: at pr\u00e6sentere det relevante igaming-indhold (sprog, lovligheden af visse spil), hjemmesidens sikkerhed.<\/p>\n<ul>\n<li>Data: dato og tidspunkt for dit bes\u00f8g p\u00e5 hjemmesiden, tidsforbrug p\u00e5 hver del af hjemmesiden.<\/li>\n<\/ul>\n<p>Form\u00e5l: forbedring af hjemmesiden.<\/p>\n<ul>\n<li>Data: din email-adresse hvis du besvarer sp\u00f8rgeskemaer eller henvender dig til vores kundeservice.<\/li>\n<\/ul>\n<p>Form\u00e5l: besvarelse af dine foresp\u00f8rgsler.<\/p>\n<ul>\n<li>Data: din email-adresse hvis du tilmelder dig et nyhedsbrev.<\/li>\n<\/ul>\n<p>Form\u00e5l: markedsf\u00f8ringskommunikation.<\/p>\n<ul>\n<li>Data: din aktivitet p\u00e5 hjemmesiden hos vores forretningspartnere.<\/li>\n<\/ul>\n<p>Form\u00e5l: rapporter, statistik, beregning af vores oms\u00e6tning.<\/p>\n<h3>Hvad dine rettigheder er<\/h3>\n<p>N\u00e5r man tager med i overvejelserne, at vi er en virksomhed med i EU, falder behandlingen af dine data under anvendelsesomr\u00e5det for databeskyttelsesforordningen (GDPR). Det samme s\u00e6t af regler bruges til at definere de rettigheder, du kan benytte. Du har ret til at:<\/p>\n<ul>\n<li>G\u00f8re indsigelse i hvordan vi behandler eller bruger data.<\/li>\n<li>F\u00e5 adgang til dine personlige data.<\/li>\n<li>Anmode om rettelse af dine personlige data.<\/li>\n<li>Sikre at dine personlige data er transportable.<\/li>\n<li>Anmode om at vi begr\u00e6nser vores brug og behandling af dine personlige data.<\/li>\n<li>Beslutte eller tilbagetr\u00e6kke samtykke vedr\u00f8rende behandling af dine data.<\/li>\n<li>H\u00e5ndh\u00e6ve sletning af data.<\/li>\n<li>Indgive en klage.<\/li>\n<\/ul>\n<p>Den relevante databeskyttelsesmyndighed i EU-medlemslande kan blive bestemt enten af dit s\u00e6dvanlige opholdssted, eller stedet hvor den p\u00e5st\u00e5ede overtr\u00e6delse fandt sted. Hvis du har tvivl eller sp\u00f8rgsm\u00e5l relateret til adgang, korrektion eller sletning af dine personlige data, eller hvis du vil sende os en anmodning vedr\u00f8rende dine rettigheder, s\u00e5 kontakt os venligst p\u00e5:<\/p>\n<p>Du kan indgive en klage hos dine lokale databeskyttelsesmyndigheder, eller du kan ogs\u00e5 kontakte den danske databeskyttelsesmyndighed.<\/p>\n<h3>Juridisk grundlag<\/h3>\n<p>Vi beror p\u00e5 vores legitime interesser som begrundelse for at behandle dine personlige data, da dette er n\u00f8dvendigt for os for at udvikle indhold p\u00e5 vores hjemmeside gennem opgradering og videreudvikling af vores services og produkter, sikring af hjemmesiden, for at muligg\u00f8re kommunikation med vores brugere, vurdere succesen af vores markedsf\u00f8ring, at holde potentielle problemer med vores services til et minimum og for at forbedre din overordnede brugeroplevelse.<\/p>\n<p>Behandling af dine data kan v\u00e6re n\u00f8dvendigt for at overholde juridiske krav og\/eller domstoles ordrer. Endelig, i visse tilf\u00e6lde, kan du blive bedt om at give samtykke til behandling af dine personlige data.<\/p>\n<h3>Hvordan beskytter vi dine data?<\/h3>\n<p>Vi er forpligtet til at holde dine data opdaterede, og vi opbevarer dem ogs\u00e5 p\u00e5 sikker vis. Vi behandler ikke dine data l\u00e6ngere end n\u00f8dvendigt til form\u00e5lene til hvilke dine data behandles.<\/p>\n<p>Vi anvender passende tekniske og organisatoriske foranstaltninger for at sikre beskyttelsen af dine personlige data mod tyveri, afsl\u00f8ring, utilsigtet tab, uautoriseret brug og anden form for ulovlig behandling. Vi bruger adgangskontrol med flere niveauer. Begr\u00e6nsninger til adgang er baseret p\u00e5 forretningsbehov og sikkerhedskrav. Vi sikrer ogs\u00e5, at kun passende autoriseret personale har adgang til dine data, og kun hvis dette er n\u00f8dvendigt for dem for at fuldf\u00f8re arbejdsopgaver.<\/p>\n<h3>Hvordan vi bruger cookies<\/h3>\n<p>Vores hjemmeside vil sende cookies, som derefter opbevares p\u00e5 din browser. Brugen af cookies g\u00f8r det muligt for os at forbedre sidens funktionaliteter, promovere vores produkter og dele indhold fra tredjeparter. For at f\u00e5 mere at vide om de cookies vi bruger p\u00e5 vores hjemmeside, kan du l\u00e6se vores\u00a0<a href=\"https:\/\/topdanskecasinos.com\/cookie\/\">Cookiepolitik<\/a>.<\/p>\n<h3>Deling af dine data<\/h3>\n<p>Vi kan dele din data med tredjeparter. Ved \u201ctredjeparter\u201d mener vi individer, organisationer og\/eller virksomheder der arbejder med udvikling, markedsf\u00f8ring, analyse eller andre omr\u00e5der, der hj\u00e6lper os med at forsyne og yderligere udvikle vores services. De har tilladelse til at behandle din information, som det er n\u00f8dvendigt for at udf\u00f8re delegerede opgaver. V\u00e6r venligst opm\u00e6rksom p\u00e5 at vi kan bestemme form\u00e5let og metoden til behandling af dine data, s\u00e5vel som at beslutte hvilke af dine data der bliver behandlet for at udf\u00f8re delegerede opgaver.<\/p>\n<p>Det er vigtigt at fastsl\u00e5 at vi ogs\u00e5 kan dele indsamlede data med:<\/p>\n<ul>\n<li>Enheder, som loven kr\u00e6ver og tillader os at g\u00f8re (f.eks. Retsh\u00e5ndh\u00e6vende myndigheder og offentlige myndigheder)<\/li>\n<li>Medlemmer af vores virksomhedsgruppe<\/li>\n<\/ul>\n<h3>Lovlighed ved dataoverf\u00f8rsel<\/h3>\n<p>Dine personlige data kan blive overf\u00f8rt indenfor og\/eller udenfor det Europ\u00e6iske \u00d8konomiske Samarbejdsomr\u00e5de (E\u00d8S) for grunde oplyst i denne Politik (forbedring, udvikling og forsyning af services og produkter). I tilf\u00e6ldet med overf\u00f8rsel, tager vi alle forholdsregler for at sikre et tilstr\u00e6kkeligt beskyttelsesniveau og at passende sikkerhedsforanstaltninger er p\u00e5 plads, som defineret af GDPR og de g\u00e6ldende databeskyttelseslove.<\/p>\n<p>Dine personlige data kan blive overf\u00f8rt til:<\/p>\n<ul>\n<li>En modtager i et land der ikke har et tilstr\u00e6kkeligt niveau af databeskyttelse, som afgjort af EU-Kommissionen. N\u00e5r dette er tilf\u00e6ldet, vil vi gennemf\u00f8re Databeskyttelsesaftaler der inkluderer standardiserede kontraktuelle klausuler udstedt af EU-Kommissionen. Disse Aftaler forpligter datamodtageren til at sikre et tilstr\u00e6kkeligt beskyttelsesniveau og til at implementere passende sikkerhedsforanstaltninger, som er defineret af de g\u00e6ldende europ\u00e6iske databeskyttelseslove. Derudover kan yderligere tiltag blive indf\u00f8rt for at beskytte dine rettigheder og friheder, som er sikret af GDPR og andre relevante regler.<\/li>\n<li>En modtager baseret i et land, som EU-Kommissionen har anset som have et tilstr\u00e6kkeligt niveau af databeskyttelse. Lande med tilstr\u00e6kkelig databeskyttelsesniveauer kan findes\u00a0<a href=\"https:\/\/commission.europa.eu\/law\/law-topic\/data-protection\/international-dimension-data-protection\/adequacy-decisions_en\">her<\/a>.<\/li>\n<\/ul>\n<h3>\u00c6ndringer til denne Privatlivspolitik<\/h3>\n<p>\u00c6ndringer af denne Privatlivspolitik kan ske n\u00e5r det er n\u00f8dvendigt.<\/p>\n<p>Hvis essentielle opdateringer eller \u00e6ndringer sker, vil du blive ordentligt varslet p\u00e5 forh\u00e5nd, s\u00e5 du har tilstr\u00e6kkelig tid til at gennemg\u00e5 \u00e6ndringerne, f\u00f8r opdateringerne tr\u00e6der i kraft. Ved essentielle \u00e6ndringer tager vi h\u00f8jde for alle \u00e6ndringer og opdateringer, som kan p\u00e5virke dine forpligtelser og rettigheder i forhold til hvordan vi sikrer eller beskytter dine data. N\u00e5r vi foretager mindre \u00e6ndringer i denne Privatlivspolitik, vil det ikke have nogen indflydelse p\u00e5 dine rettigheder og forpligtelser. Mindre \u00e6ndringer kan inkludere, men er ikke begr\u00e6nset til, organisatoriske og grammatiske \u00e6ndringer til denne Privatlivspolitik for at g\u00f8re vores politik nemmere at forst\u00e5.<\/p>\n","protected":false},"excerpt":{"rendered":"<p>Fortrolighedserkl\u00e6ring L\u00e6s venligst alle sektioner i denne Politik. Introduktion Hvorfor vi skal behandle dine data Hvad dine rettigheder er Juridisk grundlag Hvordan beskytter vi dine data? Hvordan vi bruger cookies Deling af dine data Lovlighed ved dataoverf\u00f8rsel \u00c6ndringer til denne Privatlivspolitik Introduktion Personlige data er enhver information om bes\u00f8gende p\u00e5 hjemmesiden (\u201cdig\u201d) der kan identificere,<\/p>\n","protected":false},"author":2,"featured_media":0,"parent":0,"menu_order":0,"comment_status":"closed","ping_status":"closed","template":"privacy-policy.php","meta":{"footnotes":""},"class_list":["post-587","page","type-page","status-publish","hentry"],"acf":[],"_links":{"self":[{"href":"https:\/\/denmark-casinos.com\/index.php?rest_route=\/wp\/v2\/pages\/587","targetHints":{"allow":["GET"]}}],"collection":[{"href":"https:\/\/denmark-casinos.com\/index.php?rest_route=\/wp\/v2\/pages"}],"about":[{"href":"https:\/\/denmark-casinos.com\/index.php?rest_route=\/wp\/v2\/types\/page"}],"author":[{"embeddable":true,"href":"https:\/\/denmark-casinos.com\/index.php?rest_route=\/wp\/v2\/users\/2"}],"replies":[{"embeddable":true,"href":"https:\/\/denmark-casinos.com\/index.php?rest_route=%2Fwp%2Fv2%2Fcomments&post=587"}],"version-history":[{"count":2,"href":"https:\/\/denmark-casinos.com\/index.php?rest_route=\/wp\/v2\/pages\/587\/revisions"}],"predecessor-version":[{"id":647,"href":"https:\/\/denmark-casinos.com\/index.php?rest_route=\/wp\/v2\/pages\/587\/revisions\/647"}],"wp:attachment":[{"href":"https:\/\/denmark-casinos.com\/index.php?rest_route=%2Fwp%2Fv2%2Fmedia&parent=587"}],"curies":[{"name":"wp","href":"https:\/\/api.w.org\/{rel}","templated":true}]}}