{"id":585,"date":"2024-06-19T09:22:03","date_gmt":"2024-06-19T09:22:03","guid":{"rendered":"https:\/\/denmark-casinos.com\/?page_id=585"},"modified":"2024-07-31T15:08:36","modified_gmt":"2024-07-31T15:08:36","slug":"cookie-policy","status":"publish","type":"page","link":"https:\/\/denmark-casinos.com\/?page_id=585","title":{"rendered":"Cookie Policy"},"content":{"rendered":"<p>Vi har samlet og testet de allerbedste casinoer, du som dansker kan bruge her og nu. Der er<\/p>\n<p>mange om buddet, men disse skiller sig ud som de bedste.<\/p>\n<h3>Introduktion<\/h3>\n<p>Vi \u00f8nsker at v\u00e6re gennemsigtige over for vores brugere om, hvordan vi indsamler og bruger deres data. For at finde ud af mere om dette og om os, som datastyrer, kan du l\u00e6se vore\u00a0<a href=\"https:\/\/denmark-casinos.com\/privacy-policy\/\">Privatlivspolitik<\/a>.<\/p>\n<p>Denne Cookiepolitik har til form\u00e5l at g\u00f8re det klart for brugerne af hjemmesiden (\u201cdig\u201d) hvordan, hvorn\u00e5r og hvorfor vi bruger cookies.<\/p>\n<p>For informationer om, hvordan du sletter eller blokerer cookies, se venligst afsnittet Hvordan kan jeg \u00e6ndre mine cookieindstillinger? nedenfor. F\u00f8r du foretager dig yderligere med hensyn til cookies, vil vi anbefale dig at l\u00e6se denne politik.<\/p>\n<h3>Hvilke informationer kan du l\u00e6se om i denne cookiepolitik?<\/h3>\n<ul>\n<li>Vores brug af cookies<\/li>\n<li>Om cookies<\/li>\n<li>Hvilke cookies bruger vi og hvad er deres form\u00e5l?<\/li>\n<li>Essentielle cookies<\/li>\n<li>Pr\u00e6ference- og funktionalitetscookies<\/li>\n<li>Statistiske cookies<\/li>\n<li>Marketing cookies<\/li>\n<li>Tredjeparts cookies<\/li>\n<li>Hvordan kan jeg \u00e6ndre mine cookieindstillinger?<\/li>\n<li>Frameld tredjeparts service vi bruger<\/li>\n<li>\u00c6ndring i browserindstillinger<\/li>\n<li>Hvordan deaktiveres Flash cookies<\/li>\n<li>Variationsklausul<\/li>\n<\/ul>\n<h3>1. Vores brug af cookies<\/h3>\n<p>Enhver browser, der bes\u00f8ger vores hjemmeside, vil modtage cookies fra os. For s\u00e5 vidt som cookies, vi bruger, ikke er strengt n\u00f8dvendige for at drive vores hjemmeside, vil vi bede dig om at give dit samtykke til vores brug af cookies, n\u00e5r du bes\u00f8ger vores hjemmeside f\u00f8rste gang.<\/p>\n<p>Vi bruger cookies p\u00e5 vores hjemmeside, fordi vi \u00f8nsker, at alle vores brugere skal have den bedst mulige brugeroplevelse. Oplysninger, der leveres via cookies, g\u00f8r det muligt for os at optimere din oplevelse p\u00e5 denne hjemmeside topdanskecasinos.com<\/p>\n<p>Cookies indeholder normalt ikke nogen oplysninger, der personligt identificerer en bruger, men personlige oplysninger, som vi gemmer om dig, kan v\u00e6re knyttet til de oplysninger, der er gemt i og hentet fra cookies. I vores privatlivspolitik kan du l\u00e6se mere om, hvilke personlige data, der er relateret til vores brugere, som bliver behandlet.<\/p>\n<h3>2. Om cookies<\/h3>\n<p>Cookies er sm\u00e5 tekstfiler, der placeres p\u00e5 din enhed af hjemmesider, du bes\u00f8ger. Det g\u00f8r det muligt for hjemmesiden at huske dine handlinger og pr\u00e6ferencer (som f.eks. login, sprog, skriftst\u00f8rrelse og andre visningsindstillinger) over en periode, s\u00e5 du beh\u00f8ver ikke at indtaste dem igen, n\u00e5r du kommer tilbage til hjemmesiden eller g\u00e5r fra en side til en anden. Brugen af cookies hj\u00e6lper dig med at navigere effektivt mellem sider, de hj\u00e6lper med at huske dine pr\u00e6ferencer og forbedrer din browsing oplevelse p\u00e5 andre m\u00e5der. Cookies kan ogs\u00e5 medvirke til at sikre, at den markedsf\u00f8ring, som du ser online, er mere relevant for dig og dine interesser.<\/p>\n<p>Andre teknologier, herunder data, som vi gemmer i din webbrowser eller enhed, identifikatorer, der er knyttet til din enhed og anden software, bruges til lignende form\u00e5l. I denne politik betegner vi alle disse teknologier som \u201ccookies\u201d.<\/p>\n<p>Cookie kan klassificeres efter deres levetid, det dom\u00e6ne, som de h\u00f8rer til, og opbevaringssted.<\/p>\n<p>Ved levetid, er cookies enten:<\/p>\n<ul>\n<li>session cookies, der slettes, n\u00e5r brugeren lukker browseren \u2013 session cookies varer kun s\u00e5 l\u00e6nge som selve sessionen (normalt et enkelt bes\u00f8g hos en hjemmeside eller en browser session).<\/li>\n<li>vedholdende cookies, der forbliver i brugerens computer\/enhed i en predefineret tidsperiode (medmindre de slettes af brugeren f\u00f8r perioden udl\u00f8ber). Vedholdende cookies hj\u00e6lper os til at genkende dig, s\u00e5 det er lettere at vende tilbage til vores hjemmeside eller interagere med vores tjeneste uden at skulle logge ind eller \u00e6ndre dine indstillinger hver gang. N\u00e5r du er logget ind, forbliver en vedvarende cookie i din browser og vil blive l\u00e6st igen, n\u00e5r du vender tilbage til vores hjemmeisde.<\/li>\n<\/ul>\n<p>Hvad ang\u00e5r dom\u00e6net, som de h\u00f8rer til, er der enten:<\/p>\n<ul>\n<li>f\u00f8rstepart cookies, som er angivet af webserveren p\u00e5 den bes\u00f8gte side og som deler samme dom\u00e6ne, eller<\/li>\n<li>tredjepart cookies, som opbevares af et andet dom\u00e6ne end den bes\u00f8gte sides dom\u00e6ne. Dette kan ske, n\u00e5r hjemmesiden refererer til en fil, som f.eks JavaScript, som ligger uden for sit dom\u00e6ne.<\/li>\n<\/ul>\n<p>Under hensyntagen til hvor cookies gemmes, er der:<\/p>\n<ul>\n<li>browser cookies, som sendes af en hjemmeside og gemmes p\u00e5 brugerens browser. Browser cookies gemmer mindre end Flash cookies, og kun browseren, hvor de gemmes, har adgang til dem.<\/li>\n<li>flash cookies er kendt som lokale delbare objekter, og de skiller sig ud fra browser cookies p\u00e5 grund af m\u00e6ngden, typen og m\u00e5den hvorp\u00e5 data gemmes. De gemmes uden for browseren, og de kan v\u00e6re tilg\u00e6ngelige fra flere browsere p\u00e5 samme computer.<\/li>\n<\/ul>\n<p>For at l\u00e6re mere om cookies, kan du bes\u00f8ge\u00a0<a href=\"https:\/\/www.aboutcookies.org\/\">www.aboutcookies.org<\/a>\u00a0eller\u00a0<a href=\"https:\/\/www.allaboutcookies.org\/\">www.allaboutcookies.org<\/a>.<\/p>\n<h3>3. Hvilke cookies bruger vi og hvad er deres form\u00e5l?<\/h3>\n<p>Vi bruger alle de typer af cookies, som er beskrevet ovenfor. En mere detaljeret beskrivelse af vores cookies, deres funktioner og kilder kan findes nedenfor.<\/p>\n<h3>4. Essentielle cookies<\/h3>\n<p>Essentielle cookies er n\u00f8dvendige, for at vores hjemmeside kan fungere efter bedste evne. De hj\u00e6lper med at g\u00f8re hjemmesiden brugbar ved at aktivere grundl\u00e6ggende funktionaliteter, som f.eks. side-navigation og adgang til sikre omr\u00e5der af hjemmesiden. Denne type cookies kan bruges til at beskytte og accelerere vores hjemmeside ved automatisk at optimere leveringen af vores indhold. Det er s\u00e5ledes du f\u00e5r den hurtigste sideindl\u00e6sningstid og den bedste ydeevne. Essentielle cookies kan ogs\u00e5 bruges af sikkerhedsm\u00e6ssige grunde og til at identificere vores betroede bes\u00f8gende. De kan filtrere robotter og skelne dem fra legitime brugere, og ikke mindst forhindre enhver form for spamaktivitet p\u00e5 vores hjemmeside.<\/p>\n<p>Disse cookies svarer ikke til nogen bruger-id i vores webapplikation, og cookies lagrer heller ingen personligt identificerbare informationer. Vi anbefaler dig til ikke at slukke for disse cookies. Hvis du indstiller din browser til at blokere eller advare dig om disse cookies, s\u00e5 skal du v\u00e6re opm\u00e6rksom p\u00e5, at nogle dele af hjemmeisden ikke vil fungere efterf\u00f8lgende.<\/p>\n<h3>5. Pr\u00e6ference- og funktionalitetscookies<\/h3>\n<p>Pr\u00e6ference cookies g\u00f8r det muligt for en hjemmeside at huske informationer, der \u00e6ndrer m\u00e5den hvorp\u00e5 hjemmesiden opf\u00f8rer sig eller ser ud, s\u00e5som dit foretrukne sprog eller den geografiske region, du befinder dig i. De kan ogs\u00e5 bruges til at tilbyde tjenester, du har bedt om, s\u00e5som at se en video, kommentere p\u00e5 en blog eller bruge live chat-tjeneste.<\/p>\n<h3>6. Statistiske cookies<\/h3>\n<p>Statistiske cookies hj\u00e6lper hjemmesideejere med at forst\u00e5, hvordan bes\u00f8gende interagerer med hjemmesider ved at indsamle og rapportere informationer anonymt. Vi bruger forskellige statistiske cookies for at analysere informationer om, hvordan vores hjemmeside bliver brugt. Statistiske cookies kan behandle oplysninger om antallet af bes\u00f8gende p\u00e5 hjemmesiden, hvor de bes\u00f8gende kom fra, de sider, som de har bes\u00f8gt, scrolling aktiviteter, downloads, informationer om brugeragenten, tid brugt p\u00e5 hjemmesiden og omtrentlig geografisk placering af enheden, som du bruger til at f\u00e5 adgang til vores hjemmeside. Vi bruger disse oplysninger til at udf\u00e6rdige rapporter, der hj\u00e6lper os til at forbedre hjemmesiden. Rapporter kan pr\u00e6senteres visuelt via heat maps og anonymiserede sk\u00e6rmoptagelser. Alle data, vi behandler ved brug af denne type cookies, pr\u00e6senteres i aggregeret format og\/eller pseudonymiseret.<\/p>\n<p>Vi bruger hovedsageligt statistiske cookies, der leveres af\u00a0<a href=\"https:\/\/developers.google.com\/analytics\/devguides\/collection\/analyticsjs\/cookie-usage\">Google Analytics<\/a>\u00a0and\u00a0<a href=\"https:\/\/clickmeter.com\/\">ClickMeter<\/a>. V\u00e6r dog opm\u00e6rksom p\u00e5, at vi ogs\u00e5 kan bruge statistiske cookies fra andre virksomheder, for hvilke tjenester vi m\u00e5ske ogs\u00e5 bruger til statistiske og analytiske form\u00e5l.<\/p>\n<h3>7. Marketing cookies<\/h3>\n<p>Marketing cookies bruges til at spore bes\u00f8gende p\u00e5 tv\u00e6rs af hjemmesider. Form\u00e5let er at vise annoncer, der er relevante og engagerende for den enkelte bruger.<\/p>\n<p>Til markedsf\u00f8ringsform\u00e5l bruger vi hovedsageligt\u00a0<a href=\"https:\/\/ads.google.com\/intl\/sr_rs\/getstarted\/?subid=rs-sr-ha-aw-sk-c-bau!o3~CjwKCAiAv4n9BRA9EiwA30WND0-1P_ZX77gSJdyFWYbKNSKmGlXDLlD_0KGqQUymtOWcx4ZpLKoWqBoCdUIQAvD_BwE~55934380245~kwd-19650782074~1485457331~284214219570&amp;utm_source=aw&amp;utm_medium=ha&amp;utm_campaign=rs-sr-ha-aw-sk-c-bau!o3~CjwKCAiAv4n9BRA9EiwA30WND0-1P_ZX77gSJdyFWYbKNSKmGlXDLlD_0KGqQUymtOWcx4ZpLKoWqBoCdUIQAvD_BwE~55934380245~kwd-19650782074~1485457331~284214219570&amp;gclid=CjwKCAiAv4n9BRA9EiwA30WND0-1P_ZX77gSJdyFWYbKNSKmGlXDLlD_0KGqQUymtOWcx4ZpLKoWqBoCdUIQAvD_BwE&amp;gclsrc=aw.ds\">GoogleAds<\/a>\u00a0cookies p\u00e5 vores hjemmeside. Disse cookies tjener til det form\u00e5l at tilpasse den m\u00e5de hvorp\u00e5, vi kommunikerer med dig.<\/p>\n<p>V\u00e6r opm\u00e6rksom p\u00e5, at vi muligvis bruger marketingcookies leveret af andre virksomheder. Desuden kan tredjepartscookies (se afsnit nedenfor) blive placeret af vores partnere for at markedsf\u00f8re deres produkter. Tredjeparts salgsfremmende aktiviteter kan eksempelvis omfatte annoncer, s\u00e5som bannere eller mellemliggende annoncer.<\/p>\n<p>Vi opfordrer dig til at bes\u00f8ge\u00a0<a href=\"https:\/\/www.youronlinechoices.com\/\">www.youronlinechoices.eu<\/a>\u00a0for at finde yderligere information om m\u00e5den, vi reklamerer p\u00e5, og de valg, der tilbydes i forbindelse med brugen af vores data.<\/p>\n<h3>8. Tredjeparts cookies<\/h3>\n<p>Tredjeparter kan inds\u00e6tte cookies, n\u00e5r du bes\u00f8ger vores hjemmeside. Dette kan skyldes, at vi har hyret en tredjepart til at yde tjenester p\u00e5 vores vegne. I andre tilf\u00e6lde skyldes dette, at vores hjemmesider har indhold eller annoncer fra tredjeparter, s\u00e5som videoer, nyhedsindhold eller annoncer, der leveres af andre annoncenetv\u00e6rk. Da din browser forbindes til disse tredjeparts webservere for at indhente det p\u00e5g\u00e6ldende indhold, har tredjeparter mulighed for at inds\u00e6tte eller l\u00e6se deres egne cookies p\u00e5 din enhed og indsamle oplysninger om dine onlineaktiviteter p\u00e5 tv\u00e6rs af hjemmesider eller onlinetjenester. Tredjepart tracking cookies kan ogs\u00e5 v\u00e6re n\u00f8dvendige for effektiv anvendelse af affiliate links og afviklingen af evt. affiliate aftaler, som vi har p\u00e5 plads.<\/p>\n<h3>9. Hvordan kan jeg \u00e6ndre mine cookieindstillinger?<\/h3>\n<p>Du kan til enhver tid v\u00e6lge at deaktivere nogle eller alle cookies. Der er flere m\u00e5der, du kan deaktivere cookies p\u00e5.<\/p>\n<h3>10. Frameld tredjeparts service vi bruger<\/h3>\n<p>Du kan v\u00e6lge ikke at blive sporet af nogle af de tredjeparts serviceydere, som vi er afh\u00e6ngige af, ved hj\u00e6lp af f\u00f8lgende instruktioner:<\/p>\n<ul>\n<li><a href=\"https:\/\/tools.google.com\/dlpage\/gaoptout\">Google Analytics opt-out<\/a><\/li>\n<li><a href=\"https:\/\/support.google.com\/ads\/answer\/2662922?hl=en-GB\">Google Ads opt-out<\/a><\/li>\n<li><a href=\"https:\/\/clickmeter.com\/cookies\">ClickMeter cookies<\/a><\/li>\n<\/ul>\n<h3>11. \u00c6ndringer i browserindstillinger<\/h3>\n<p>De mest udbredte webbrowsere giver dig muligheden for at styre de fleste cookies gennem dine browserindstillinger. Husk, at hvis du begr\u00e6nser hjemmesidernes mulighed for at inds\u00e6tte cookies, kan du forv\u00e6rre den generelle brugeroplevelse, da den ikke l\u00e6ngere vil blive tilpasset til dig.<\/p>\n<p>Hvis du stadig ikke \u00f8nsker at modtage cookies fra vores hjemmeside, s\u00e5 kan du \u00e6ndre dine browserindstillinger p\u00e5 den enhed, du bruger, til at f\u00e5 adgang til vores tjenester. Nedenfor kan du finde instruktioner til, hvordan du deaktiverer cookies hos de mest popul\u00e6re internetbrowsere. Du kan ogs\u00e5 finde links til sektionen, hvor du kan styre dine cookies, hos de mest popul\u00e6re internetbrowsere. L\u00e6s venligst f\u00f8lgende instruktioner omhyggeligt:<\/p>\n<ul>\n<li><strong>Internet Explorer<\/strong>: klik p\u00e5 Tools knappen, dern\u00e6st p\u00e5 Internet Options. I General fanen, v\u00e6lg Browser history, klik p\u00e5 Settings. Dern\u00e6st klik Select files og v\u00e6lg de Cookies, du \u00f8nsker at deaktivere. Luk derefter vinduet med listen over cookies og klik to gange p\u00e5 OK for at vende tilbage til internettet. Flere instruktioner er tilg\u00e6ngelige\u00a0<a href=\"https:\/\/support.microsoft.com\/en-us\/topic\/description-of-cookies-ad01aa7e-66c9-8ab2-7898-6652c100999d\">her<\/a>.<\/li>\n<li><strong>Firefox browser<\/strong>: klik p\u00e5 Firefox Menu ikonet, derefter p\u00e5 Tools knappen, og derefter Options; i vinduet, der vises, skal du v\u00e6lge Privacy og v\u00e6lg Remove Specific Cookies. V\u00e6lg de cookies, som du \u00f8nsker at deaktivere og fjern dem. Flere instruktioner er tilg\u00e6ngelige\u00a0<a href=\"https:\/\/support.mozilla.org\/en-US\/kb\/cookies-information-websites-store-on-your-computer\">her<\/a>.<\/li>\n<li><strong>Safari<\/strong>: klik p\u00e5 knappen Settings, derefter p\u00e5 Preferences. I vinduet, der vises, v\u00e6lg Privacy\/Security og klik p\u00e5 Show Cookies. V\u00e6lg de cookies, som du \u00f8nsker at deaktivere og klik p\u00e5 Delete eller Delete All. Flere instruktioner er tilg\u00e6ngelige\u00a0<a href=\"https:\/\/support.apple.com\/en-gb\/guide\/safari\/sfri11471\/mac\">her<\/a>.<\/li>\n<li><strong>Chrome<\/strong>: klik p\u00e5 Google Chrome menuen, dern\u00e6st Settings. Nederst p\u00e5 siden skal du klikke p\u00e5 Advanced Settings. I Privacy sektionen skal du klikke p\u00e5 Content Settings. For at deaktivere cookies:\n<ul>\n<li>V\u00e6lg \u2018Block sites from storing any data\u2019<\/li>\n<li>Klik p\u00e5 \u2018Cookies and site data\u2019 og bev\u00e6g musen henover hjemmesiden, som har skabt den enkelte Cookie, og klik p\u00e5 X i h\u00f8jre hj\u00f8rne eller klik p\u00e5 Remove All<\/li>\n<\/ul>\n<\/li>\n<\/ul>\n<p>Mere information er tilg\u00e6ngelig\u00a0<a href=\"https:\/\/support.google.com\/chrome\/answer\/95647?hl=en-GB\">her<\/a>.<\/p>\n<ul>\n<li><strong>Safari (mobil)<\/strong>\u00a0\u2013 For mere information bes\u00f8g venligst f\u00f8lgende\u00a0<a href=\"https:\/\/support.apple.com\/en-us\/HT201265\">link<\/a>.<\/li>\n<\/ul>\n<p>For instruktioner om, hvordan du deaktiverer cookies p\u00e5 internetbrowsere, der ikke er angivet ovenfor, bedes du l\u00e6se den dokumentation, som din browserproducent tilbyder.<\/p>\n<h3>12. Hvordan deaktiveres Flash cookies<\/h3>\n<p>\u00c6ndring af browserindstillinger vil ikke fjerne Flash cookies. Hvis du vil deaktivere Flash cookies, kan du f\u00e5 instruktionerne her. Hvis du deaktiverer Flash cookies, vil du ikke have adgang til flere af de funktioner, der g\u00f8r din oplevelse mere effektiv, og nogle af vores tjenester vil ikke fungere ordentligt.<\/p>\n<h2>13. Variationsklausul<\/h2>\n<p>Det kan blive n\u00f8dvendigt at \u00e6ndre i denne cookiepolitik grundet \u00e6ndringer i tekniske og forretningsm\u00e6ssige behov, eller for at overholde lovgivningsm\u00e6ssige krav i EU\u2019s databeskyttelseslov.<\/p>\n<p>V\u00e6sentlige \u00e6ndringer er de, der p\u00e5virker dine rettigheder med hensyn til beskyttelse og behandling af dine personlige data. V\u00e6sentlige \u00e6ndringer kan omfatte (men er ikke begr\u00e6nset til) lancering af nye tjenester, udbredelse af nye teknologier og behandling af dine data til nye form\u00e5l. Hvis vi foretager v\u00e6sentlige \u00e6ndringer i cookiepolitikken, s\u00e5 vil vi give dig besked via vores tjenester eller p\u00e5 anden m\u00e5de give dig muligheden for at gennemg\u00e5 \u00e6ndringerne, inden de tr\u00e6der i kraft. Du vil blive bedt om at godkende behandlingen af dine personlige data i overensstemmelse med den opdaterede privatlivspolitik. Hvis du ikke accepterer dette, vil du muligvis ikke kunne bruge din konto og tjenester, som kun er tilg\u00e6ngelige for registrerede brugere.<\/p>\n<p>Derudover foretager vi fra tid til anden mindre \u00e6ndringer til vores cookiepolitik. Disse typer af \u00e6ndringer kan omfatte (men er ikke begr\u00e6nset til) organisatoriske og grammatiske \u00e6ndringer for at g\u00f8re politikken nemmere at l\u00e6se. Hvis du forts\u00e6tter med at bruge vores tjenester, efter at vi har offentliggjort den opdaterede cookiepolitik med mindre \u00e6ndringer, betyder det, at behandlingen af dine personlige data er underlagt den opdaterede cookiepolitik med mindre \u00e6ndringer.<\/p>\n<p>Vi opfordrer dig til regelm\u00e6ssigt at gennemg\u00e5 denne side for at v\u00e6re fuldt opdateret med de seneste informationer om brugen af cookies.<\/p>\n","protected":false},"excerpt":{"rendered":"<p>Vi har samlet og testet de allerbedste casinoer, du som dansker kan bruge her og nu. Der er mange om buddet, men disse skiller sig ud som de bedste. Introduktion Vi \u00f8nsker at v\u00e6re gennemsigtige over for vores brugere om, hvordan vi indsamler og bruger deres data. For at finde ud af mere om dette<\/p>\n","protected":false},"author":2,"featured_media":0,"parent":0,"menu_order":0,"comment_status":"closed","ping_status":"closed","template":"","meta":{"footnotes":""},"class_list":["post-585","page","type-page","status-publish","hentry"],"acf":[],"_links":{"self":[{"href":"https:\/\/denmark-casinos.com\/index.php?rest_route=\/wp\/v2\/pages\/585","targetHints":{"allow":["GET"]}}],"collection":[{"href":"https:\/\/denmark-casinos.com\/index.php?rest_route=\/wp\/v2\/pages"}],"about":[{"href":"https:\/\/denmark-casinos.com\/index.php?rest_route=\/wp\/v2\/types\/page"}],"author":[{"embeddable":true,"href":"https:\/\/denmark-casinos.com\/index.php?rest_route=\/wp\/v2\/users\/2"}],"replies":[{"embeddable":true,"href":"https:\/\/denmark-casinos.com\/index.php?rest_route=%2Fwp%2Fv2%2Fcomments&post=585"}],"version-history":[{"count":2,"href":"https:\/\/denmark-casinos.com\/index.php?rest_route=\/wp\/v2\/pages\/585\/revisions"}],"predecessor-version":[{"id":656,"href":"https:\/\/denmark-casinos.com\/index.php?rest_route=\/wp\/v2\/pages\/585\/revisions\/656"}],"wp:attachment":[{"href":"https:\/\/denmark-casinos.com\/index.php?rest_route=%2Fwp%2Fv2%2Fmedia&parent=585"}],"curies":[{"name":"wp","href":"https:\/\/api.w.org\/{rel}","templated":true}]}}